{"id":23,"date":"2021-04-19T11:16:05","date_gmt":"2021-04-19T09:16:05","guid":{"rendered":"https:\/\/www.maslerougetcantal.fr\/page\/?page_id=23"},"modified":"2021-07-30T07:29:01","modified_gmt":"2021-07-30T05:29:01","slug":"histoire","status":"publish","type":"page","link":"https:\/\/www.maslerougetcantal.fr\/page\/fr\/notre-histoire\/histoire\/","title":{"rendered":"Notre <b>histoire<\/b>"},"content":{"rendered":"\n<h3 class=\"wp-block-heading\">Mas, Le Rouget, Cantal<\/h3>\n\n\n\n<figure class=\"wp-block-image size-large\"><img decoding=\"async\" loading=\"lazy\" width=\"1024\" height=\"724\" src=\"https:\/\/www.maslerougetcantal.fr\/page\/wp-content\/uploads\/2021\/05\/mas-5-1024x724.jpg\" alt=\"La boutique Mas du Rouget\" class=\"wp-image-110\" srcset=\"https:\/\/www.maslerougetcantal.fr\/page\/wp-content\/uploads\/2021\/05\/mas-5-1024x724.jpg 1024w, https:\/\/www.maslerougetcantal.fr\/page\/wp-content\/uploads\/2021\/05\/mas-5-300x212.jpg 300w, https:\/\/www.maslerougetcantal.fr\/page\/wp-content\/uploads\/2021\/05\/mas-5-768x543.jpg 768w, https:\/\/www.maslerougetcantal.fr\/page\/wp-content\/uploads\/2021\/05\/mas-5-1536x1085.jpg 1536w, https:\/\/www.maslerougetcantal.fr\/page\/wp-content\/uploads\/2021\/05\/mas-5-2048x1447.jpg 2048w, https:\/\/www.maslerougetcantal.fr\/page\/wp-content\/uploads\/2021\/05\/mas-5-1568x1108.jpg 1568w\" sizes=\"(max-width: 1024px) 100vw, 1024px\" \/><figcaption>La boutique Mas du Rouget o\u00f9 se croisent les habitu\u00e9s du village, les expatri\u00e9s de passage dans la r\u00e9gion et les gourmands de la France enti\u00e8re.<\/figcaption><\/figure>\n\n\n\n<p><\/p>\n\n\n\n<p>Depuis les ann\u00e9es 1930, la famille Mas install\u00e9e au Rouget dans le Cantal s\u2019est fait conna\u00eetre pour le bon go\u00fbt de ses charcuteries. Sa r\u00e9putation s\u2019est vite \u00e9largie aupr\u00e8s des gourmets et des restaurateurs de la France enti\u00e8re, et le nom est devenu une marque.<\/p>\n\n\n\n<p>C&rsquo;est au d\u00e9but des ann\u00e9es 1930 que Monsieur Fran\u00e7ois Mas s&rsquo;installe comme boucher dans le petit village du Rouget, dans le Cantal. Suite \u00e0 l&rsquo;arriv\u00e9e du rail, le village en plein essor devient une commune en 1945. C&rsquo;est dans ce petit bourg rural que la maison se d\u00e9veloppe, et que Roland prend la suite de son p\u00e8re. Dans cet environnement naturellement propice \u00e0 la salaison, ce territoire vallonn\u00e9 de moyenne montagnes, ventil\u00e9, ensoleill\u00e9, la maison Mas a prosp\u00e9r\u00e9, port\u00e9e par la r\u00e9putation de ses charcuteries et salaisons. D\u00e9positaire des recettes et des tours de main d&rsquo;antan, Mas est attach\u00e9 \u00e0 pr\u00e9server toute l&rsquo;authenticit\u00e9 de ses produits. Un h\u00e9ritage, transmis d&rsquo;ann\u00e9e en ann\u00e9e, depuis des d\u00e9cennies, depuis des si\u00e8cles.<\/p>\n\n\n\n<p>Dans les ann\u00e9es 1960, forte de l&rsquo;adh\u00e9sion des Auvergnats, la maison Mas prend pied dans les brasseries des Bougnats parisiens. Ces Auvergnats courageux \u00ab\u00a0mont\u00e9s \u00e0 la capitale\u00a0\u00bb pour travailler, dont les attaches au pays sont rest\u00e9es fortes, se r\u00e9galent du P\u00e2t\u00e9 de porc et du Jambon sec fabriqu\u00e9s au Rouget. Commence alors une longue histoire avec la restauration parisienne, jambon apr\u00e8s jambon, une bo\u00eete de p\u00e2t\u00e9 apr\u00e8s l&rsquo;autre, qui permet aux restaurateurs d&rsquo;aujourd&rsquo;hui d&rsquo;\u00eatre livr\u00e9s \u00e0 Paris au quotidien.<\/p>\n\n\n\n<p>Gr\u00e2ce \u00e0 son h\u00e9ritage et \u00e0 son ind\u00e9pendance, la maison Mas, solidement ancr\u00e9e dans son territoire, a pu au fil du temps ouvrir de nouvelles boutiques dans le Massif Central et \u00e0 Paris. Les ann\u00e9es 2010 ont notamment vu l&rsquo;ouverture de nouvelles boutiques dans des bourg ruraux (Saint Cyprien sur Dourdou), des centres-ville (Figeac), des p\u00e9riph\u00e9ries urbaines (Rodez, Aurillac, Saint Flour), et plus r\u00e9cemment \u00e0 Paris avec l&rsquo;ouverture d&rsquo;une deuxi\u00e8me boutique rue Daguerre (XIV<sup>i\u00e8me<\/sup>) et une troisi\u00e8me rue des Martyrs (IX<sup>i\u00e8me<\/sup>).<\/p>\n\n\n\n<p><\/p>\n","protected":false},"excerpt":{"rendered":"<p>Mas, Le Rouget, Cantal Depuis les ann\u00e9es 1930, la famille Mas install\u00e9e au Rouget dans le Cantal s\u2019est fait conna\u00eetre pour le bon go\u00fbt de ses charcuteries. Sa r\u00e9putation s\u2019est vite \u00e9largie aupr\u00e8s des gourmets et des restaurateurs de la France enti\u00e8re, et le nom est devenu une marque. C&rsquo;est au d\u00e9but des ann\u00e9es 1930&hellip; <a class=\"more-link\" href=\"https:\/\/www.maslerougetcantal.fr\/page\/fr\/notre-histoire\/histoire\/\">Poursuivre la lecture de <span class=\"screen-reader-text\">Notre <b>histoire<\/b><\/span><\/a><\/p>\n","protected":false},"author":3,"featured_media":442,"parent":8,"menu_order":0,"comment_status":"closed","ping_status":"closed","template":"","meta":{"footnotes":""},"yoast_head":"<!-- This site is optimized with the Yoast SEO plugin v16.1.1 - https:\/\/yoast.com\/wordpress\/plugins\/seo\/ -->\n<title>Notre histoire - Mas Le Rouget Cantal<\/title>\n<link rel=\"canonical\" href=\"https:\/\/www.maslerougetcantal.fr\/page\/fr\/notre-histoire\/histoire\/\" \/>\n<meta property=\"og:locale\" content=\"fr_FR\" \/>\n<meta property=\"og:type\" content=\"article\" \/>\n<meta property=\"og:title\" content=\"Notre histoire - Mas Le Rouget Cantal\" \/>\n<meta property=\"og:description\" content=\"Mas, Le Rouget, Cantal Depuis les ann\u00e9es 1930, la famille Mas install\u00e9e au Rouget dans le Cantal s\u2019est fait conna\u00eetre pour le bon go\u00fbt de ses charcuteries. Sa r\u00e9putation s\u2019est vite \u00e9largie aupr\u00e8s des gourmets et des restaurateurs de la France enti\u00e8re, et le nom est devenu une marque. C&rsquo;est au d\u00e9but des ann\u00e9es 1930&hellip; Poursuivre la lecture de Notre histoire\" \/>\n<meta property=\"og:url\" content=\"https:\/\/www.maslerougetcantal.fr\/page\/fr\/notre-histoire\/histoire\/\" \/>\n<meta property=\"og:site_name\" content=\"Mas Le Rouget Cantal\" \/>\n<meta property=\"article:modified_time\" content=\"2021-07-30T05:29:01+00:00\" \/>\n<meta property=\"og:image\" content=\"https:\/\/www.maslerougetcantal.fr\/page\/wp-content\/uploads\/2021\/07\/magasin._16_9.jpg\" \/>\n\t<meta property=\"og:image:width\" content=\"1163\" \/>\n\t<meta property=\"og:image:height\" content=\"654\" \/>\n<meta name=\"twitter:card\" content=\"summary_large_image\" \/>\n<meta name=\"twitter:label1\" content=\"Dur\u00e9e de lecture est.\">\n\t<meta name=\"twitter:data1\" content=\"2 minutes\">\n<script type=\"application\/ld+json\" class=\"yoast-schema-graph\">{\"@context\":\"https:\/\/schema.org\",\"@graph\":[{\"@type\":\"WebSite\",\"@id\":\"https:\/\/www.maslerougetcantal.fr\/page\/#website\",\"url\":\"https:\/\/www.maslerougetcantal.fr\/page\/\",\"name\":\"Mas Le Rouget Cantal\",\"description\":\"Ma\\u00eetre Salaisonnier et Ma\\u00eetre Charcutier\",\"potentialAction\":[{\"@type\":\"SearchAction\",\"target\":\"https:\/\/www.maslerougetcantal.fr\/page\/?s={search_term_string}\",\"query-input\":\"required name=search_term_string\"}],\"inLanguage\":\"fr-FR\"},{\"@type\":\"ImageObject\",\"@id\":\"https:\/\/www.maslerougetcantal.fr\/page\/fr\/notre-histoire\/histoire\/#primaryimage\",\"inLanguage\":\"fr-FR\",\"url\":\"https:\/\/www.maslerougetcantal.fr\/page\/wp-content\/uploads\/2021\/07\/magasin._16_9.jpg\",\"contentUrl\":\"https:\/\/www.maslerougetcantal.fr\/page\/wp-content\/uploads\/2021\/07\/magasin._16_9.jpg\",\"width\":1163,\"height\":654},{\"@type\":\"WebPage\",\"@id\":\"https:\/\/www.maslerougetcantal.fr\/page\/fr\/notre-histoire\/histoire\/#webpage\",\"url\":\"https:\/\/www.maslerougetcantal.fr\/page\/fr\/notre-histoire\/histoire\/\",\"name\":\"Notre histoire - Mas Le Rouget Cantal\",\"isPartOf\":{\"@id\":\"https:\/\/www.maslerougetcantal.fr\/page\/#website\"},\"primaryImageOfPage\":{\"@id\":\"https:\/\/www.maslerougetcantal.fr\/page\/fr\/notre-histoire\/histoire\/#primaryimage\"},\"datePublished\":\"2021-04-19T09:16:05+00:00\",\"dateModified\":\"2021-07-30T05:29:01+00:00\",\"breadcrumb\":{\"@id\":\"https:\/\/www.maslerougetcantal.fr\/page\/fr\/notre-histoire\/histoire\/#breadcrumb\"},\"inLanguage\":\"fr-FR\",\"potentialAction\":[{\"@type\":\"ReadAction\",\"target\":[\"https:\/\/www.maslerougetcantal.fr\/page\/fr\/notre-histoire\/histoire\/\"]}]},{\"@type\":\"BreadcrumbList\",\"@id\":\"https:\/\/www.maslerougetcantal.fr\/page\/fr\/notre-histoire\/histoire\/#breadcrumb\",\"itemListElement\":[{\"@type\":\"ListItem\",\"position\":1,\"item\":{\"@type\":\"WebPage\",\"@id\":\"https:\/\/www.maslerougetcantal.fr\/page\/\",\"url\":\"https:\/\/www.maslerougetcantal.fr\/page\/\",\"name\":\"Accueil\"}},{\"@type\":\"ListItem\",\"position\":2,\"item\":{\"@type\":\"WebPage\",\"@id\":\"https:\/\/www.maslerougetcantal.fr\/page\/fr\/notre-histoire\/\",\"url\":\"https:\/\/www.maslerougetcantal.fr\/page\/fr\/notre-histoire\/\",\"name\":\"Notre histoire\"}},{\"@type\":\"ListItem\",\"position\":3,\"item\":{\"@type\":\"WebPage\",\"@id\":\"https:\/\/www.maslerougetcantal.fr\/page\/fr\/notre-histoire\/histoire\/\",\"url\":\"https:\/\/www.maslerougetcantal.fr\/page\/fr\/notre-histoire\/histoire\/\",\"name\":\"Notre histoire\"}}]}]}<\/script>\n<!-- \/ Yoast SEO plugin. -->","_links":{"self":[{"href":"https:\/\/www.maslerougetcantal.fr\/page\/wp-json\/wp\/v2\/pages\/23"}],"collection":[{"href":"https:\/\/www.maslerougetcantal.fr\/page\/wp-json\/wp\/v2\/pages"}],"about":[{"href":"https:\/\/www.maslerougetcantal.fr\/page\/wp-json\/wp\/v2\/types\/page"}],"author":[{"embeddable":true,"href":"https:\/\/www.maslerougetcantal.fr\/page\/wp-json\/wp\/v2\/users\/3"}],"replies":[{"embeddable":true,"href":"https:\/\/www.maslerougetcantal.fr\/page\/wp-json\/wp\/v2\/comments?post=23"}],"version-history":[{"count":20,"href":"https:\/\/www.maslerougetcantal.fr\/page\/wp-json\/wp\/v2\/pages\/23\/revisions"}],"predecessor-version":[{"id":508,"href":"https:\/\/www.maslerougetcantal.fr\/page\/wp-json\/wp\/v2\/pages\/23\/revisions\/508"}],"up":[{"embeddable":true,"href":"https:\/\/www.maslerougetcantal.fr\/page\/wp-json\/wp\/v2\/pages\/8"}],"wp:featuredmedia":[{"embeddable":true,"href":"https:\/\/www.maslerougetcantal.fr\/page\/wp-json\/wp\/v2\/media\/442"}],"wp:attachment":[{"href":"https:\/\/www.maslerougetcantal.fr\/page\/wp-json\/wp\/v2\/media?parent=23"}],"curies":[{"name":"wp","href":"https:\/\/api.w.org\/{rel}","templated":true}]}}