{"id":25,"date":"2021-04-19T11:17:17","date_gmt":"2021-04-19T09:17:17","guid":{"rendered":"https:\/\/www.maslerougetcantal.fr\/page\/?page_id=25"},"modified":"2024-03-28T10:29:43","modified_gmt":"2024-03-28T09:29:43","slug":"savoir-faire","status":"publish","type":"page","link":"https:\/\/www.maslerougetcantal.fr\/page\/fr\/notre-histoire\/savoir-faire\/","title":{"rendered":"Mais la Maison Mas,<br> <b>c\u2019est qui ?<\/b>"},"content":{"rendered":"\n<p>C\u2019est avant tout une histoire de gourmands et de gourmets. En presqu\u2019un si\u00e8cle d\u2019existence, la Maison a prosp\u00e9r\u00e9 autour de ses recettes simples et authentiques.<br>Dans les ateliers du Rouget s\u2019affairent plusieurs petites \u00e9quipes de faiseurs : des bouchers, des charcutiers, des cuisiniers.<\/p>\n\n\n\n<p>Le premier atelier est consacr\u00e9 \u00e0 la d\u00e9coupe des viandes fra\u00eeches qui arrivent en direct de nos partenaires, \u00e9leveurs \/ coop\u00e9ratives d\u2019\u00e9leveurs. C\u2019est le travail de la viande brute, qui associe la force des bouchers \u00e0 la finesse de leurs gestes. C\u2019est \u00e9galement le lieu de la transmission des gestes, des techniques et des savoirs, des ma\u00eetres vers les novices.<\/p>\n\n\n\n<p>Vient ensuite la cuisine, au c\u0153ur de laquelle \u00e9pices, l\u00e9gumes frais et recettes apportent toutes leurs saveurs aux diff\u00e9rentes pi\u00e8ces de viandes. De d\u00e9licieuses odeurs s\u2019\u00e9chappent des marmites et des fours d\u2019o\u00f9 sortent tout chauds p\u00e2t\u00e9s et autres fricandeaux. D\u2019autres sp\u00e9cialit\u00e9s sortent aussi de cet antre de gourmandise : pounti, choux farcis, fritons, jambonneaux et tripoux, toutes pr\u00e9par\u00e9es avec go\u00fbt et g\u00e9n\u00e9rosit\u00e9.<\/p>\n\n\n\n<p>La saucisserie est quant \u00e0 elle un travail minutieux, rigoureux, pour fabriquer d\u2019une part des produits d\u2019une extr\u00eame fraicheur : saucisses, chipolatas et autres merguez; mais aussi les salaisons telles que saucisses s\u00e8che et saucissons, embl\u00e8mes de notre terroir de montagne. Et ce petit s\u00e9choir regorge aussi de quelques tr\u00e9sors : que diriez-vous d\u2019un magret de canard s\u00e9ch\u00e9, fum\u00e9 au bois de h\u00eatre, pour agr\u00e9menter vos salades?<\/p>\n\n\n\n<p>La conserverie, elle, perp\u00e9tue cette tradition h\u00e9rit\u00e9e du XIX<sup>i\u00e8me<\/sup> si\u00e8cle, pour conserver sans peine les aliments tout autour du calendrier. Remplies \u00e0 la main, bo\u00eete par bo\u00eete, les conserves Mas sont la garantie d\u2019un travail fait dans le respect des gestes des anciens. Id\u00e9ales pour \u00eatre conserv\u00e9es et transport\u00e9es, les bo\u00eetes Mas feront aussi un joli cadeau, simple et gourmand, et appr\u00e9ci\u00e9 par vos proches.<\/p>\n\n\n\n<p>Enfin, les salaisonniers travaillent \u00e0 la pr\u00e9paration du produit roi, le jambon sec. Affin\u00e9 12, 24 ou 36 mois, les jambons de porc, de coche, de porc noir, restent t\u00e9moins fig\u00e9s du temps qui passe, d\u00e9veloppant jour apr\u00e8s jour les saveurs, petit \u00e0 petit, dans le calme et la tranquillit\u00e9 de notre s\u00e9choir, notre cath\u00e9drale.<\/p>\n\n\n\n<p>Mas achemine ensuite tous ses produits dans ses boutiques, o\u00f9 ils vous sont propos\u00e9s avec les conseils avis\u00e9s des bouchers, charcutiers et vendeurs de la Maison.<\/p>\n\n\n\n<p>Tout un travail d\u2019\u00e9quipe!<\/p>\n","protected":false},"excerpt":{"rendered":"<p>C\u2019est avant tout une histoire de gourmands et de gourmets. En presqu\u2019un si\u00e8cle d\u2019existence, la Maison a prosp\u00e9r\u00e9 autour de ses recettes simples et authentiques.Dans les ateliers du Rouget s\u2019affairent plusieurs petites \u00e9quipes de faiseurs : des bouchers, des charcutiers, des cuisiniers. Le premier atelier est consacr\u00e9 \u00e0 la d\u00e9coupe des viandes fra\u00eeches qui arrivent&hellip; <a class=\"more-link\" href=\"https:\/\/www.maslerougetcantal.fr\/page\/fr\/notre-histoire\/savoir-faire\/\">Poursuivre la lecture de <span class=\"screen-reader-text\">Mais la Maison Mas,<br \/> <b>c\u2019est qui ?<\/b><\/span><\/a><\/p>\n","protected":false},"author":3,"featured_media":443,"parent":8,"menu_order":1,"comment_status":"closed","ping_status":"closed","template":"","meta":{"footnotes":""},"yoast_head":"<!-- This site is optimized with the Yoast SEO plugin v16.1.1 - https:\/\/yoast.com\/wordpress\/plugins\/seo\/ -->\n<title>Mais la Maison Mas, c\u2019est qui ? - Mas Le Rouget Cantal<\/title>\n<meta name=\"description\" content=\"Mais la maison Mas, c&#039;est qui? Petite descritption de nos ateliers au Rouget.\" \/>\n<link rel=\"canonical\" href=\"https:\/\/www.maslerougetcantal.fr\/page\/fr\/notre-histoire\/savoir-faire\/\" \/>\n<meta property=\"og:locale\" content=\"fr_FR\" \/>\n<meta property=\"og:type\" content=\"article\" \/>\n<meta property=\"og:title\" content=\"Mais la Maison Mas, c\u2019est qui ? - Mas Le Rouget Cantal\" \/>\n<meta property=\"og:description\" content=\"Mais la maison Mas, c&#039;est qui? Petite descritption de nos ateliers au Rouget.\" \/>\n<meta property=\"og:url\" content=\"https:\/\/www.maslerougetcantal.fr\/page\/fr\/notre-histoire\/savoir-faire\/\" \/>\n<meta property=\"og:site_name\" content=\"Mas Le Rouget Cantal\" \/>\n<meta property=\"article:modified_time\" content=\"2024-03-28T09:29:43+00:00\" \/>\n<meta property=\"og:image\" content=\"https:\/\/www.maslerougetcantal.fr\/page\/wp-content\/uploads\/2021\/07\/savoir_faire.jpg\" \/>\n\t<meta property=\"og:image:width\" content=\"1920\" \/>\n\t<meta property=\"og:image:height\" content=\"1080\" \/>\n<meta name=\"twitter:card\" content=\"summary_large_image\" \/>\n<meta name=\"twitter:label1\" content=\"Dur\u00e9e de lecture est.\">\n\t<meta name=\"twitter:data1\" content=\"2 minutes\">\n<script type=\"application\/ld+json\" class=\"yoast-schema-graph\">{\"@context\":\"https:\/\/schema.org\",\"@graph\":[{\"@type\":\"WebSite\",\"@id\":\"https:\/\/www.maslerougetcantal.fr\/page\/#website\",\"url\":\"https:\/\/www.maslerougetcantal.fr\/page\/\",\"name\":\"Mas Le Rouget Cantal\",\"description\":\"Ma\\u00eetre Salaisonnier et Ma\\u00eetre Charcutier\",\"potentialAction\":[{\"@type\":\"SearchAction\",\"target\":\"https:\/\/www.maslerougetcantal.fr\/page\/?s={search_term_string}\",\"query-input\":\"required name=search_term_string\"}],\"inLanguage\":\"fr-FR\"},{\"@type\":\"ImageObject\",\"@id\":\"https:\/\/www.maslerougetcantal.fr\/page\/fr\/notre-histoire\/savoir-faire\/#primaryimage\",\"inLanguage\":\"fr-FR\",\"url\":\"https:\/\/www.maslerougetcantal.fr\/page\/wp-content\/uploads\/2021\/07\/savoir_faire.jpg\",\"contentUrl\":\"https:\/\/www.maslerougetcantal.fr\/page\/wp-content\/uploads\/2021\/07\/savoir_faire.jpg\",\"width\":1920,\"height\":1080},{\"@type\":\"WebPage\",\"@id\":\"https:\/\/www.maslerougetcantal.fr\/page\/fr\/notre-histoire\/savoir-faire\/#webpage\",\"url\":\"https:\/\/www.maslerougetcantal.fr\/page\/fr\/notre-histoire\/savoir-faire\/\",\"name\":\"Mais la Maison Mas, c\\u2019est qui ? - Mas Le Rouget Cantal\",\"isPartOf\":{\"@id\":\"https:\/\/www.maslerougetcantal.fr\/page\/#website\"},\"primaryImageOfPage\":{\"@id\":\"https:\/\/www.maslerougetcantal.fr\/page\/fr\/notre-histoire\/savoir-faire\/#primaryimage\"},\"datePublished\":\"2021-04-19T09:17:17+00:00\",\"dateModified\":\"2024-03-28T09:29:43+00:00\",\"description\":\"Mais la maison Mas, c'est qui? Petite descritption de nos ateliers au Rouget.\",\"breadcrumb\":{\"@id\":\"https:\/\/www.maslerougetcantal.fr\/page\/fr\/notre-histoire\/savoir-faire\/#breadcrumb\"},\"inLanguage\":\"fr-FR\",\"potentialAction\":[{\"@type\":\"ReadAction\",\"target\":[\"https:\/\/www.maslerougetcantal.fr\/page\/fr\/notre-histoire\/savoir-faire\/\"]}]},{\"@type\":\"BreadcrumbList\",\"@id\":\"https:\/\/www.maslerougetcantal.fr\/page\/fr\/notre-histoire\/savoir-faire\/#breadcrumb\",\"itemListElement\":[{\"@type\":\"ListItem\",\"position\":1,\"item\":{\"@type\":\"WebPage\",\"@id\":\"https:\/\/www.maslerougetcantal.fr\/page\/\",\"url\":\"https:\/\/www.maslerougetcantal.fr\/page\/\",\"name\":\"Accueil\"}},{\"@type\":\"ListItem\",\"position\":2,\"item\":{\"@type\":\"WebPage\",\"@id\":\"https:\/\/www.maslerougetcantal.fr\/page\/fr\/notre-histoire\/\",\"url\":\"https:\/\/www.maslerougetcantal.fr\/page\/fr\/notre-histoire\/\",\"name\":\"Notre histoire\"}},{\"@type\":\"ListItem\",\"position\":3,\"item\":{\"@type\":\"WebPage\",\"@id\":\"https:\/\/www.maslerougetcantal.fr\/page\/fr\/notre-histoire\/savoir-faire\/\",\"url\":\"https:\/\/www.maslerougetcantal.fr\/page\/fr\/notre-histoire\/savoir-faire\/\",\"name\":\"Mais la Maison Mas, c\\u2019est qui ?\"}}]}]}<\/script>\n<!-- \/ Yoast SEO plugin. -->","_links":{"self":[{"href":"https:\/\/www.maslerougetcantal.fr\/page\/wp-json\/wp\/v2\/pages\/25"}],"collection":[{"href":"https:\/\/www.maslerougetcantal.fr\/page\/wp-json\/wp\/v2\/pages"}],"about":[{"href":"https:\/\/www.maslerougetcantal.fr\/page\/wp-json\/wp\/v2\/types\/page"}],"author":[{"embeddable":true,"href":"https:\/\/www.maslerougetcantal.fr\/page\/wp-json\/wp\/v2\/users\/3"}],"replies":[{"embeddable":true,"href":"https:\/\/www.maslerougetcantal.fr\/page\/wp-json\/wp\/v2\/comments?post=25"}],"version-history":[{"count":12,"href":"https:\/\/www.maslerougetcantal.fr\/page\/wp-json\/wp\/v2\/pages\/25\/revisions"}],"predecessor-version":[{"id":421,"href":"https:\/\/www.maslerougetcantal.fr\/page\/wp-json\/wp\/v2\/pages\/25\/revisions\/421"}],"up":[{"embeddable":true,"href":"https:\/\/www.maslerougetcantal.fr\/page\/wp-json\/wp\/v2\/pages\/8"}],"wp:featuredmedia":[{"embeddable":true,"href":"https:\/\/www.maslerougetcantal.fr\/page\/wp-json\/wp\/v2\/media\/443"}],"wp:attachment":[{"href":"https:\/\/www.maslerougetcantal.fr\/page\/wp-json\/wp\/v2\/media?parent=25"}],"curies":[{"name":"wp","href":"https:\/\/api.w.org\/{rel}","templated":true}]}}