{"id":27,"date":"2021-04-19T11:17:42","date_gmt":"2021-04-19T09:17:42","guid":{"rendered":"https:\/\/www.maslerougetcantal.fr\/page\/?page_id=27"},"modified":"2021-07-30T07:30:21","modified_gmt":"2021-07-30T05:30:21","slug":"qualite","status":"publish","type":"page","link":"https:\/\/www.maslerougetcantal.fr\/page\/fr\/notre-histoire\/qualite\/","title":{"rendered":"Qualit\u00e9 <b>du produit<\/b>"},"content":{"rendered":"\n<p>Par ses recettes et tours de main, Mas s&rsquo;attache \u00e0 sublimer les viandes qu&rsquo;il travaille. Afin de garantir la qualit\u00e9 de ses produits, Mas choisit avec rigueur ses mati\u00e8res premi\u00e8res. Qu&rsquo;il s&rsquo;agisse de la viande, s\u00e9lectionn\u00e9e pour son grain, son gras de couverture, extra et intra-musculaire, sa tenue ; mais aussi des \u00e9pices : v\u00e9ritables r\u00e9v\u00e9lateurs de saveurs, les \u00e9pices donnent aussi leur caract\u00e8re \u00e0 de nombreux produits ; enfin, il faut aussi s\u00e9lectionner avec soins les autres ingr\u00e9dients : les \u0153ufs de nos voisins volaillers, des l\u00e9gumes frais, livr\u00e9s plusieurs fois par semaine, pour garantir des recettes maison gourmandes et authentiques.<\/p>\n\n\n\n<p>La qualit\u00e9 du produit vient aussi du temps qui lui est consacr\u00e9. Les P\u00e2t\u00e9s de porc Mas sont brass\u00e9s \u00e0 la main, pour ne pas \u00e9craser les grains. A la d\u00e9gustation, ils pr\u00e9sentent un fondant in\u00e9gal\u00e9. Le P\u00e2t\u00e9 de porc au four est cuit 14h \u00e0 basse temp\u00e9rature. Le r\u00e9sultat est une viande bien cuite et un peu grill\u00e9e en surface, et un bas de tranche fondant de gel\u00e9e, un r\u00e9gal pour les papilles. Le P\u00e2t\u00e9 de porc en bo\u00eete, lui, est affin\u00e9 12 mois avant d&rsquo;\u00eatre vendu, pour que la viande soit confite et que les saveurs s&rsquo;\u00e9panouissent. Et que dire des jambons, qui patientent parfois plus de trois ans dans le s\u00e9choir de la maison? Le temps, un ingr\u00e9dient cl\u00e9 des recettes Mas.<\/p>\n\n\n\n<p>Enfin, vous \u00eates servis en boutique par des professionnels : bouchers, charcutiers, vendeurs. Le personnel des boutiques Mas est form\u00e9 dans les ateliers du Rouget, de nombreux apprentis y apprennent la boucherie ou la charcuterie, chaque ann\u00e9e, avant de travailler en magasin. Chacun connait les produits qu&rsquo;il vend, et sait vous conseiller pour choisir les meilleurs morceaux et les cuisiner.<\/p>\n","protected":false},"excerpt":{"rendered":"<p>Par ses recettes et tours de main, Mas s&rsquo;attache \u00e0 sublimer les viandes qu&rsquo;il travaille. Afin de garantir la qualit\u00e9 de ses produits, Mas choisit avec rigueur ses mati\u00e8res premi\u00e8res. Qu&rsquo;il s&rsquo;agisse de la viande, s\u00e9lectionn\u00e9e pour son grain, son gras de couverture, extra et intra-musculaire, sa tenue ; mais aussi des \u00e9pices : v\u00e9ritables&hellip; <a class=\"more-link\" href=\"https:\/\/www.maslerougetcantal.fr\/page\/fr\/notre-histoire\/qualite\/\">Poursuivre la lecture de <span class=\"screen-reader-text\">Qualit\u00e9 <b>du produit<\/b><\/span><\/a><\/p>\n","protected":false},"author":3,"featured_media":444,"parent":8,"menu_order":2,"comment_status":"closed","ping_status":"closed","template":"","meta":{"footnotes":""},"yoast_head":"<!-- This site is optimized with the Yoast SEO plugin v16.1.1 - https:\/\/yoast.com\/wordpress\/plugins\/seo\/ -->\n<title>Qualit\u00e9 du produit - Mas Le Rouget Cantal<\/title>\n<link rel=\"canonical\" href=\"https:\/\/www.maslerougetcantal.fr\/page\/fr\/notre-histoire\/qualite\/\" \/>\n<meta property=\"og:locale\" content=\"fr_FR\" \/>\n<meta property=\"og:type\" content=\"article\" \/>\n<meta property=\"og:title\" content=\"Qualit\u00e9 du produit - Mas Le Rouget Cantal\" \/>\n<meta property=\"og:description\" content=\"Par ses recettes et tours de main, Mas s&rsquo;attache \u00e0 sublimer les viandes qu&rsquo;il travaille. Afin de garantir la qualit\u00e9 de ses produits, Mas choisit avec rigueur ses mati\u00e8res premi\u00e8res. Qu&rsquo;il s&rsquo;agisse de la viande, s\u00e9lectionn\u00e9e pour son grain, son gras de couverture, extra et intra-musculaire, sa tenue ; mais aussi des \u00e9pices : v\u00e9ritables&hellip; Poursuivre la lecture de Qualit\u00e9 du produit\" \/>\n<meta property=\"og:url\" content=\"https:\/\/www.maslerougetcantal.fr\/page\/fr\/notre-histoire\/qualite\/\" \/>\n<meta property=\"og:site_name\" content=\"Mas Le Rouget Cantal\" \/>\n<meta property=\"article:modified_time\" content=\"2021-07-30T05:30:21+00:00\" \/>\n<meta property=\"og:image\" content=\"https:\/\/www.maslerougetcantal.fr\/page\/wp-content\/uploads\/2021\/07\/I2B6647_16_9.jpg\" \/>\n\t<meta property=\"og:image:width\" content=\"1920\" \/>\n\t<meta property=\"og:image:height\" content=\"1080\" \/>\n<meta name=\"twitter:card\" content=\"summary_large_image\" \/>\n<meta name=\"twitter:label1\" content=\"Dur\u00e9e de lecture est.\">\n\t<meta name=\"twitter:data1\" content=\"2 minutes\">\n<script type=\"application\/ld+json\" class=\"yoast-schema-graph\">{\"@context\":\"https:\/\/schema.org\",\"@graph\":[{\"@type\":\"WebSite\",\"@id\":\"https:\/\/www.maslerougetcantal.fr\/page\/#website\",\"url\":\"https:\/\/www.maslerougetcantal.fr\/page\/\",\"name\":\"Mas Le Rouget Cantal\",\"description\":\"Ma\\u00eetre Salaisonnier et Ma\\u00eetre Charcutier\",\"potentialAction\":[{\"@type\":\"SearchAction\",\"target\":\"https:\/\/www.maslerougetcantal.fr\/page\/?s={search_term_string}\",\"query-input\":\"required name=search_term_string\"}],\"inLanguage\":\"fr-FR\"},{\"@type\":\"ImageObject\",\"@id\":\"https:\/\/www.maslerougetcantal.fr\/page\/fr\/notre-histoire\/qualite\/#primaryimage\",\"inLanguage\":\"fr-FR\",\"url\":\"https:\/\/www.maslerougetcantal.fr\/page\/wp-content\/uploads\/2021\/07\/I2B6647_16_9.jpg\",\"contentUrl\":\"https:\/\/www.maslerougetcantal.fr\/page\/wp-content\/uploads\/2021\/07\/I2B6647_16_9.jpg\",\"width\":1920,\"height\":1080},{\"@type\":\"WebPage\",\"@id\":\"https:\/\/www.maslerougetcantal.fr\/page\/fr\/notre-histoire\/qualite\/#webpage\",\"url\":\"https:\/\/www.maslerougetcantal.fr\/page\/fr\/notre-histoire\/qualite\/\",\"name\":\"Qualit\\u00e9 du produit - Mas Le Rouget Cantal\",\"isPartOf\":{\"@id\":\"https:\/\/www.maslerougetcantal.fr\/page\/#website\"},\"primaryImageOfPage\":{\"@id\":\"https:\/\/www.maslerougetcantal.fr\/page\/fr\/notre-histoire\/qualite\/#primaryimage\"},\"datePublished\":\"2021-04-19T09:17:42+00:00\",\"dateModified\":\"2021-07-30T05:30:21+00:00\",\"breadcrumb\":{\"@id\":\"https:\/\/www.maslerougetcantal.fr\/page\/fr\/notre-histoire\/qualite\/#breadcrumb\"},\"inLanguage\":\"fr-FR\",\"potentialAction\":[{\"@type\":\"ReadAction\",\"target\":[\"https:\/\/www.maslerougetcantal.fr\/page\/fr\/notre-histoire\/qualite\/\"]}]},{\"@type\":\"BreadcrumbList\",\"@id\":\"https:\/\/www.maslerougetcantal.fr\/page\/fr\/notre-histoire\/qualite\/#breadcrumb\",\"itemListElement\":[{\"@type\":\"ListItem\",\"position\":1,\"item\":{\"@type\":\"WebPage\",\"@id\":\"https:\/\/www.maslerougetcantal.fr\/page\/\",\"url\":\"https:\/\/www.maslerougetcantal.fr\/page\/\",\"name\":\"Accueil\"}},{\"@type\":\"ListItem\",\"position\":2,\"item\":{\"@type\":\"WebPage\",\"@id\":\"https:\/\/www.maslerougetcantal.fr\/page\/fr\/notre-histoire\/\",\"url\":\"https:\/\/www.maslerougetcantal.fr\/page\/fr\/notre-histoire\/\",\"name\":\"Notre histoire\"}},{\"@type\":\"ListItem\",\"position\":3,\"item\":{\"@type\":\"WebPage\",\"@id\":\"https:\/\/www.maslerougetcantal.fr\/page\/fr\/notre-histoire\/qualite\/\",\"url\":\"https:\/\/www.maslerougetcantal.fr\/page\/fr\/notre-histoire\/qualite\/\",\"name\":\"Qualit\\u00e9 du produit\"}}]}]}<\/script>\n<!-- \/ Yoast SEO plugin. -->","_links":{"self":[{"href":"https:\/\/www.maslerougetcantal.fr\/page\/wp-json\/wp\/v2\/pages\/27"}],"collection":[{"href":"https:\/\/www.maslerougetcantal.fr\/page\/wp-json\/wp\/v2\/pages"}],"about":[{"href":"https:\/\/www.maslerougetcantal.fr\/page\/wp-json\/wp\/v2\/types\/page"}],"author":[{"embeddable":true,"href":"https:\/\/www.maslerougetcantal.fr\/page\/wp-json\/wp\/v2\/users\/3"}],"replies":[{"embeddable":true,"href":"https:\/\/www.maslerougetcantal.fr\/page\/wp-json\/wp\/v2\/comments?post=27"}],"version-history":[{"count":14,"href":"https:\/\/www.maslerougetcantal.fr\/page\/wp-json\/wp\/v2\/pages\/27\/revisions"}],"predecessor-version":[{"id":380,"href":"https:\/\/www.maslerougetcantal.fr\/page\/wp-json\/wp\/v2\/pages\/27\/revisions\/380"}],"up":[{"embeddable":true,"href":"https:\/\/www.maslerougetcantal.fr\/page\/wp-json\/wp\/v2\/pages\/8"}],"wp:featuredmedia":[{"embeddable":true,"href":"https:\/\/www.maslerougetcantal.fr\/page\/wp-json\/wp\/v2\/media\/444"}],"wp:attachment":[{"href":"https:\/\/www.maslerougetcantal.fr\/page\/wp-json\/wp\/v2\/media?parent=27"}],"curies":[{"name":"wp","href":"https:\/\/api.w.org\/{rel}","templated":true}]}}