{"id":329,"date":"2021-06-15T10:22:58","date_gmt":"2021-06-15T08:22:58","guid":{"rendered":"https:\/\/www.maslerougetcantal.fr\/page\/?page_id=329"},"modified":"2023-07-17T13:27:28","modified_gmt":"2023-07-17T11:27:28","slug":"evenements-recents","status":"publish","type":"page","link":"https:\/\/www.maslerougetcantal.fr\/page\/fr\/evenements-recents\/","title":{"rendered":"\u00c9V\u00c8NEMENTS R\u00c9CENTS"},"content":{"rendered":"","protected":false},"excerpt":{"rendered":"","protected":false},"author":5,"featured_media":191,"parent":0,"menu_order":0,"comment_status":"closed","ping_status":"closed","template":"page-evenements-recents.php","meta":{"footnotes":""},"yoast_head":"<!-- This site is optimized with the Yoast SEO plugin v16.1.1 - https:\/\/yoast.com\/wordpress\/plugins\/seo\/ -->\n<title>\u00c9V\u00c8NEMENTS R\u00c9CENTS - Mas Le Rouget Cantal<\/title>\n<link rel=\"canonical\" href=\"https:\/\/www.maslerougetcantal.fr\/page\/fr\/evenements-recents\/\" \/>\n<meta property=\"og:locale\" content=\"fr_FR\" \/>\n<meta property=\"og:type\" content=\"article\" \/>\n<meta property=\"og:title\" content=\"\u00c9V\u00c8NEMENTS R\u00c9CENTS - Mas Le Rouget Cantal\" \/>\n<meta property=\"og:url\" content=\"https:\/\/www.maslerougetcantal.fr\/page\/fr\/evenements-recents\/\" \/>\n<meta property=\"og:site_name\" content=\"Mas Le Rouget Cantal\" \/>\n<meta property=\"article:modified_time\" content=\"2023-07-17T11:27:28+00:00\" \/>\n<meta property=\"og:image\" content=\"https:\/\/www.maslerougetcantal.fr\/page\/wp-content\/uploads\/2021\/05\/K1A3093-scaled.jpg\" \/>\n\t<meta property=\"og:image:width\" content=\"2560\" \/>\n\t<meta property=\"og:image:height\" content=\"1707\" \/>\n<meta name=\"twitter:card\" content=\"summary_large_image\" \/>\n<script type=\"application\/ld+json\" class=\"yoast-schema-graph\">{\"@context\":\"https:\/\/schema.org\",\"@graph\":[{\"@type\":\"WebSite\",\"@id\":\"https:\/\/www.maslerougetcantal.fr\/page\/#website\",\"url\":\"https:\/\/www.maslerougetcantal.fr\/page\/\",\"name\":\"Mas Le Rouget Cantal\",\"description\":\"Ma\\u00eetre Salaisonnier et Ma\\u00eetre Charcutier\",\"potentialAction\":[{\"@type\":\"SearchAction\",\"target\":\"https:\/\/www.maslerougetcantal.fr\/page\/?s={search_term_string}\",\"query-input\":\"required name=search_term_string\"}],\"inLanguage\":\"fr-FR\"},{\"@type\":\"ImageObject\",\"@id\":\"https:\/\/www.maslerougetcantal.fr\/page\/fr\/evenements-recents\/#primaryimage\",\"inLanguage\":\"fr-FR\",\"url\":\"https:\/\/www.maslerougetcantal.fr\/page\/wp-content\/uploads\/2021\/05\/K1A3093-scaled.jpg\",\"contentUrl\":\"https:\/\/www.maslerougetcantal.fr\/page\/wp-content\/uploads\/2021\/05\/K1A3093-scaled.jpg\",\"width\":2560,\"height\":1707},{\"@type\":\"WebPage\",\"@id\":\"https:\/\/www.maslerougetcantal.fr\/page\/fr\/evenements-recents\/#webpage\",\"url\":\"https:\/\/www.maslerougetcantal.fr\/page\/fr\/evenements-recents\/\",\"name\":\"\\u00c9V\\u00c8NEMENTS R\\u00c9CENTS - Mas Le Rouget Cantal\",\"isPartOf\":{\"@id\":\"https:\/\/www.maslerougetcantal.fr\/page\/#website\"},\"primaryImageOfPage\":{\"@id\":\"https:\/\/www.maslerougetcantal.fr\/page\/fr\/evenements-recents\/#primaryimage\"},\"datePublished\":\"2021-06-15T08:22:58+00:00\",\"dateModified\":\"2023-07-17T11:27:28+00:00\",\"breadcrumb\":{\"@id\":\"https:\/\/www.maslerougetcantal.fr\/page\/fr\/evenements-recents\/#breadcrumb\"},\"inLanguage\":\"fr-FR\",\"potentialAction\":[{\"@type\":\"ReadAction\",\"target\":[\"https:\/\/www.maslerougetcantal.fr\/page\/fr\/evenements-recents\/\"]}]},{\"@type\":\"BreadcrumbList\",\"@id\":\"https:\/\/www.maslerougetcantal.fr\/page\/fr\/evenements-recents\/#breadcrumb\",\"itemListElement\":[{\"@type\":\"ListItem\",\"position\":1,\"item\":{\"@type\":\"WebPage\",\"@id\":\"https:\/\/www.maslerougetcantal.fr\/page\/\",\"url\":\"https:\/\/www.maslerougetcantal.fr\/page\/\",\"name\":\"Accueil\"}},{\"@type\":\"ListItem\",\"position\":2,\"item\":{\"@type\":\"WebPage\",\"@id\":\"https:\/\/www.maslerougetcantal.fr\/page\/fr\/evenements-recents\/\",\"url\":\"https:\/\/www.maslerougetcantal.fr\/page\/fr\/evenements-recents\/\",\"name\":\"\\u00c9V\\u00c8NEMENTS R\\u00c9CENTS\"}}]}]}<\/script>\n<!-- \/ Yoast SEO plugin. -->","_links":{"self":[{"href":"https:\/\/www.maslerougetcantal.fr\/page\/wp-json\/wp\/v2\/pages\/329"}],"collection":[{"href":"https:\/\/www.maslerougetcantal.fr\/page\/wp-json\/wp\/v2\/pages"}],"about":[{"href":"https:\/\/www.maslerougetcantal.fr\/page\/wp-json\/wp\/v2\/types\/page"}],"author":[{"embeddable":true,"href":"https:\/\/www.maslerougetcantal.fr\/page\/wp-json\/wp\/v2\/users\/5"}],"replies":[{"embeddable":true,"href":"https:\/\/www.maslerougetcantal.fr\/page\/wp-json\/wp\/v2\/comments?post=329"}],"version-history":[{"count":2,"href":"https:\/\/www.maslerougetcantal.fr\/page\/wp-json\/wp\/v2\/pages\/329\/revisions"}],"predecessor-version":[{"id":856,"href":"https:\/\/www.maslerougetcantal.fr\/page\/wp-json\/wp\/v2\/pages\/329\/revisions\/856"}],"wp:featuredmedia":[{"embeddable":true,"href":"https:\/\/www.maslerougetcantal.fr\/page\/wp-json\/wp\/v2\/media\/191"}],"wp:attachment":[{"href":"https:\/\/www.maslerougetcantal.fr\/page\/wp-json\/wp\/v2\/media?parent=329"}],"curies":[{"name":"wp","href":"https:\/\/api.w.org\/{rel}","templated":true}]}}