{"id":370,"date":"2021-06-28T08:19:54","date_gmt":"2021-06-28T06:19:54","guid":{"rendered":"https:\/\/www.maslerougetcantal.fr\/page\/?page_id=370"},"modified":"2022-03-21T11:26:47","modified_gmt":"2022-03-21T10:26:47","slug":"donnees-personnelles","status":"publish","type":"page","link":"https:\/\/www.maslerougetcantal.fr\/page\/fr\/donnees-personnelles\/","title":{"rendered":"Donn\u00e9es <b>personnelles<\/b>"},"content":{"rendered":"\n<h3 class=\"wp-block-heading\">Objet du traitement (finalit\u00e9 et base l\u00e9gale)<\/h3>\n\n\n\n<p>La soci\u00e9t\u00e9 Mas, dont le si\u00e8ge est situ\u00e9 au Rouget (15290), 53 avenue du 15 Septembre 1945, dispose d\u2019un site internet de vente en ligne. Ce site permet de recevoir les commandes de nos clients et les donn\u00e9es collect\u00e9es \u00e0 cette occasion sont enregistr\u00e9es et trait\u00e9es dans un fichier clients.<\/p>\n\n\n\n<p>Ce fichier permet de&nbsp;:<\/p>\n\n\n\n<ul><li>G\u00e9rer les commandes, le paiement et la livraison.<\/li><li>Mener des op\u00e9rations de marketing (fid\u00e9lisation, promotions) et adresser des publicit\u00e9s par courriel aupr\u00e8s de nos clients qui ne s\u2019y sont pas oppos\u00e9s ou qui l\u2019ont accept\u00e9&nbsp;:<ul><li>Sur des produits analogues \u00e0 ceux qu\u2019ils ont command\u00e9s.<\/li><li>Sur d\u2019autres produits propos\u00e9s par la soci\u00e9t\u00e9.<\/li><\/ul><\/li><li>Transmettre les donn\u00e9es de nos clients qui l\u2019ont accept\u00e9 \u00e0 nos partenaires commerciaux, pour leur permettre de leur adresser de la publicit\u00e9.<\/li><\/ul>\n\n\n\n<h3 class=\"wp-block-heading\">Bases l\u00e9gales des traitements<\/h3>\n\n\n\n<ul><li>Gestion des commandes&nbsp;: la base l\u00e9gale du traitement est l\u2019ex\u00e9cution d\u2019un contrat (Cf. article 6.1.b) du R\u00e8glement europ\u00e9en sur la protection des donn\u00e9es).<\/li><li>Envoi de sollicitations commerciales par courriel sur des produits analogues \u00e0 ceux command\u00e9s par les clients&nbsp;: la base l\u00e9gale du traitement est l\u2019int\u00e9r\u00eat l\u00e9gitime de la soci\u00e9t\u00e9 (Cf. article 6.1.f) du R\u00e8glement europ\u00e9en sur la protection des donn\u00e9es), \u00e0 savoir promouvoir nos produits aupr\u00e8s de nos clients.<\/li><li>Envoi de sollicitations commerciales par courriel sur d\u2019autres produits propos\u00e9s par la soci\u00e9t\u00e9 Mas&nbsp;: la base l\u00e9gale du traitement est le consentement (Cf. article 6.1.a) du R\u00e8glement europ\u00e9en sur la protection des donn\u00e9es), comme l\u2019exige l\u2019article L. 34-5 du code des postes et des communications \u00e9lectroniques.<\/li><li>Transmission de l\u2019adresse \u00e9lectronique aux partenaires commerciaux : la base l\u00e9gale du traitement est le consentement (Cf. article 6.1.a) du R\u00e8glement europ\u00e9en sur la protection des donn\u00e9es), comme l\u2019exige l\u2019article L. 34-5 du code des postes et des communications \u00e9lectroniques.<\/li><\/ul>\n\n\n\n<h3 class=\"wp-block-heading\">Cat\u00e9gories de donn\u00e9es<\/h3>\n\n\n\n<ul><li>Identit\u00e9&nbsp;: civilit\u00e9, nom, pr\u00e9nom, adresse, adresse de livraison, num\u00e9ro de t\u00e9l\u00e9phone, adresse \u00e9lectronique, date de naissance, code interne de traitement permettant l&rsquo;identification du client, donn\u00e9es relatives \u00e0 l\u2019enregistrement sur des listes d\u2019opposition.<\/li><li>Donn\u00e9es relatives aux commandes&nbsp;: num\u00e9ro de la transaction, d\u00e9tail des achats, montant des achats, donn\u00e9es relatives au r\u00e8glement des factures (r\u00e8glements, impay\u00e9s, remises), retour de produits.<\/li><li>Donn\u00e9es relatives aux moyens de paiement : num\u00e9ro de carte bancaire, date de fin de validit\u00e9 de la carte bancaire, cryptogramme visuel (lequel est imm\u00e9diatement effac\u00e9).<\/li><li>Donn\u00e9es n\u00e9cessaires \u00e0 la r\u00e9alisation des actions de fid\u00e9lisation et de prospection&nbsp;: historique des achats.<\/li><\/ul>\n\n\n\n<h3 class=\"wp-block-heading\">Destinataires des donn\u00e9es<\/h3>\n\n\n\n<ul><li>Les services clients et facturation de la soci\u00e9t\u00e9 Mas sont destinataires de l\u2019ensemble des cat\u00e9gories de donn\u00e9es.<\/li><li>Ses sous-traitants, charg\u00e9s de la livraison de ses commandes, sont destinataires de l\u2019identit\u00e9, de l\u2019adresse et du num\u00e9ro de t\u00e9l\u00e9phone de nos clients.<\/li><li>Les adresses \u00e9lectroniques des clients qui l\u2019ont accept\u00e9 sont mises \u00e0 disposition de nos partenaires commerciaux&nbsp;dont&nbsp;:<ul><li>Colissimo<\/li><li>Chronopost<\/li><\/ul><\/li><\/ul>\n\n\n\n<h3 class=\"wp-block-heading\">Dur\u00e9e de conservation des donn\u00e9es<\/h3>\n\n\n\n<ul><li>Donn\u00e9es n\u00e9cessaires \u00e0 la gestion des commandes et \u00e0 la facturation : pendant toute la dur\u00e9e de la relation commerciale et dix (10) ans au titre des obligations comptables.<\/li><li>Donn\u00e9es n\u00e9cessaires \u00e0 la r\u00e9alisation des actions de fid\u00e9lisation et \u00e0 la prospection&nbsp;: pendant toute la dur\u00e9e de la relation commerciale et trois (3) ans \u00e0 compter du dernier achat.<\/li><li>Donn\u00e9es relatives aux moyens de paiement : ces donn\u00e9es ne sont pas conserv\u00e9es par la soci\u00e9t\u00e9 Mas ; elles sont collect\u00e9es lors de la transaction et sont imm\u00e9diatement supprim\u00e9es d\u00e8s le r\u00e8glement de l\u2019achat.<\/li><li>Donn\u00e9es concernant les listes d&rsquo;opposition \u00e0 recevoir de la prospection<strong>&nbsp;:<\/strong>&nbsp;trois (3) ans.<\/li><\/ul>\n\n\n\n<h3 class=\"wp-block-heading\">Vos droits<\/h3>\n\n\n\n<p>Si vous ne souhaitez plus recevoir de publicit\u00e9 de la part de la soci\u00e9t\u00e9 Mas (exercice du droit d\u2019opposition ou retrait d\u2019un consentement d\u00e9j\u00e0 donn\u00e9),&nbsp;<strong><u><a href=\"http:\/\/www.maslerougetcantal.fr\/fr\/nous-contacter\" target=\"_blank\" rel=\"noreferrer noopener\">contactez-nous<\/a><\/u><\/strong>.<\/p>\n\n\n\n<p>Si, apr\u00e8s avoir consenti \u00e0 ce que vos donn\u00e9es soient transmises \u00e0 nos partenaires commerciaux, vous souhaitez revenir sur ce choix et ne plus recevoir publicit\u00e9 de leur part,&nbsp;<strong><u>contactez-nous<\/u><\/strong><em>.<\/em><\/p>\n\n\n\n<p>Vous pouvez acc\u00e9der aux donn\u00e9es vous concernant, les rectifier ou les faire effacer. Vous disposez \u00e9galement d&rsquo;un droit \u00e0 la portabilit\u00e9 et d\u2019un droit \u00e0 la limitation du traitement de vos donn\u00e9es (Consultez le site&nbsp;cnil.fr pour plus d\u2019informations sur vos droits).<\/p>\n\n\n\n<p>Pour exercer ces droits ou pour toute question sur le traitement de vos donn\u00e9es dans ce dispositif, vous pouvez contacter notre D\u00e9l\u00e9gu\u00e9 \u00e0 la Protection des Donn\u00e9es (DPO).<\/p>\n\n\n\n<ul><li>Contacter notre DPO par voie \u00e9lectronique :&nbsp;<a href=\"mailto:dpo@abcd.fr\">mail@maslerouget.com<\/a><\/li><li>Contacter notre DPO par courrier postal :<\/li><\/ul>\n\n\n\n<p>A l&rsquo;attention du d\u00e9l\u00e9gu\u00e9 \u00e0 la protection des donn\u00e9es<\/p>\n\n\n\n<p>Mas<\/p>\n\n\n\n<p>53 avenue du 15 septembre 1945<\/p>\n\n\n\n<p>15290 LE ROUGET<\/p>\n\n\n\n<h2 class=\"wp-block-heading\"><\/h2>\n","protected":false},"excerpt":{"rendered":"<p>Objet du traitement (finalit\u00e9 et base l\u00e9gale) La soci\u00e9t\u00e9 Mas, dont le si\u00e8ge est situ\u00e9 au Rouget (15290), 53 avenue du 15 Septembre 1945, dispose d\u2019un site internet de vente en ligne. Ce site permet de recevoir les commandes de nos clients et les donn\u00e9es collect\u00e9es \u00e0 cette occasion sont enregistr\u00e9es et trait\u00e9es dans un&hellip; <a class=\"more-link\" href=\"https:\/\/www.maslerougetcantal.fr\/page\/fr\/donnees-personnelles\/\">Poursuivre la lecture de <span class=\"screen-reader-text\">Donn\u00e9es <b>personnelles<\/b><\/span><\/a><\/p>\n","protected":false},"author":3,"featured_media":0,"parent":0,"menu_order":0,"comment_status":"closed","ping_status":"closed","template":"page-no-hero.php","meta":{"footnotes":""},"yoast_head":"<!-- This site is optimized with the Yoast SEO plugin v16.1.1 - https:\/\/yoast.com\/wordpress\/plugins\/seo\/ -->\n<title>Donn\u00e9es personnelles - Mas Le Rouget Cantal<\/title>\n<link rel=\"canonical\" href=\"https:\/\/www.maslerougetcantal.fr\/page\/fr\/donnees-personnelles\/\" \/>\n<meta property=\"og:locale\" content=\"fr_FR\" \/>\n<meta property=\"og:type\" content=\"article\" \/>\n<meta property=\"og:title\" content=\"Donn\u00e9es personnelles - Mas Le Rouget Cantal\" \/>\n<meta property=\"og:description\" content=\"Objet du traitement (finalit\u00e9 et base l\u00e9gale) La soci\u00e9t\u00e9 Mas, dont le si\u00e8ge est situ\u00e9 au Rouget (15290), 53 avenue du 15 Septembre 1945, dispose d\u2019un site internet de vente en ligne. Ce site permet de recevoir les commandes de nos clients et les donn\u00e9es collect\u00e9es \u00e0 cette occasion sont enregistr\u00e9es et trait\u00e9es dans un&hellip; Poursuivre la lecture de Donn\u00e9es personnelles\" \/>\n<meta property=\"og:url\" content=\"https:\/\/www.maslerougetcantal.fr\/page\/fr\/donnees-personnelles\/\" \/>\n<meta property=\"og:site_name\" content=\"Mas Le Rouget Cantal\" \/>\n<meta property=\"article:modified_time\" content=\"2022-03-21T10:26:47+00:00\" \/>\n<meta name=\"twitter:card\" content=\"summary_large_image\" \/>\n<meta name=\"twitter:label1\" content=\"Dur\u00e9e de lecture est.\">\n\t<meta name=\"twitter:data1\" content=\"4 minutes\">\n<script type=\"application\/ld+json\" class=\"yoast-schema-graph\">{\"@context\":\"https:\/\/schema.org\",\"@graph\":[{\"@type\":\"WebSite\",\"@id\":\"https:\/\/www.maslerougetcantal.fr\/page\/#website\",\"url\":\"https:\/\/www.maslerougetcantal.fr\/page\/\",\"name\":\"Mas Le Rouget Cantal\",\"description\":\"Ma\\u00eetre Salaisonnier et Ma\\u00eetre Charcutier\",\"potentialAction\":[{\"@type\":\"SearchAction\",\"target\":\"https:\/\/www.maslerougetcantal.fr\/page\/?s={search_term_string}\",\"query-input\":\"required name=search_term_string\"}],\"inLanguage\":\"fr-FR\"},{\"@type\":\"WebPage\",\"@id\":\"https:\/\/www.maslerougetcantal.fr\/page\/fr\/donnees-personnelles\/#webpage\",\"url\":\"https:\/\/www.maslerougetcantal.fr\/page\/fr\/donnees-personnelles\/\",\"name\":\"Donn\\u00e9es personnelles - Mas Le Rouget Cantal\",\"isPartOf\":{\"@id\":\"https:\/\/www.maslerougetcantal.fr\/page\/#website\"},\"datePublished\":\"2021-06-28T06:19:54+00:00\",\"dateModified\":\"2022-03-21T10:26:47+00:00\",\"breadcrumb\":{\"@id\":\"https:\/\/www.maslerougetcantal.fr\/page\/fr\/donnees-personnelles\/#breadcrumb\"},\"inLanguage\":\"fr-FR\",\"potentialAction\":[{\"@type\":\"ReadAction\",\"target\":[\"https:\/\/www.maslerougetcantal.fr\/page\/fr\/donnees-personnelles\/\"]}]},{\"@type\":\"BreadcrumbList\",\"@id\":\"https:\/\/www.maslerougetcantal.fr\/page\/fr\/donnees-personnelles\/#breadcrumb\",\"itemListElement\":[{\"@type\":\"ListItem\",\"position\":1,\"item\":{\"@type\":\"WebPage\",\"@id\":\"https:\/\/www.maslerougetcantal.fr\/page\/\",\"url\":\"https:\/\/www.maslerougetcantal.fr\/page\/\",\"name\":\"Accueil\"}},{\"@type\":\"ListItem\",\"position\":2,\"item\":{\"@type\":\"WebPage\",\"@id\":\"https:\/\/www.maslerougetcantal.fr\/page\/fr\/donnees-personnelles\/\",\"url\":\"https:\/\/www.maslerougetcantal.fr\/page\/fr\/donnees-personnelles\/\",\"name\":\"Donn\\u00e9es personnelles\"}}]}]}<\/script>\n<!-- \/ Yoast SEO plugin. -->","_links":{"self":[{"href":"https:\/\/www.maslerougetcantal.fr\/page\/wp-json\/wp\/v2\/pages\/370"}],"collection":[{"href":"https:\/\/www.maslerougetcantal.fr\/page\/wp-json\/wp\/v2\/pages"}],"about":[{"href":"https:\/\/www.maslerougetcantal.fr\/page\/wp-json\/wp\/v2\/types\/page"}],"author":[{"embeddable":true,"href":"https:\/\/www.maslerougetcantal.fr\/page\/wp-json\/wp\/v2\/users\/3"}],"replies":[{"embeddable":true,"href":"https:\/\/www.maslerougetcantal.fr\/page\/wp-json\/wp\/v2\/comments?post=370"}],"version-history":[{"count":5,"href":"https:\/\/www.maslerougetcantal.fr\/page\/wp-json\/wp\/v2\/pages\/370\/revisions"}],"predecessor-version":[{"id":472,"href":"https:\/\/www.maslerougetcantal.fr\/page\/wp-json\/wp\/v2\/pages\/370\/revisions\/472"}],"wp:attachment":[{"href":"https:\/\/www.maslerougetcantal.fr\/page\/wp-json\/wp\/v2\/media?parent=370"}],"curies":[{"name":"wp","href":"https:\/\/api.w.org\/{rel}","templated":true}]}}