{"id":42,"date":"2021-04-19T11:23:43","date_gmt":"2021-04-19T09:23:43","guid":{"rendered":"https:\/\/www.maslerougetcantal.fr\/page\/?page_id=42"},"modified":"2025-09-30T10:47:22","modified_gmt":"2025-09-30T08:47:22","slug":"nos-magasins","status":"publish","type":"page","link":"https:\/\/www.maslerougetcantal.fr\/page\/fr\/nos-magasins\/","title":{"rendered":"Nos magasins"},"content":{"rendered":"\n<figure class=\"wp-block-image size-large\"><img decoding=\"async\" loading=\"lazy\" width=\"1024\" height=\"724\" src=\"https:\/\/www.maslerougetcantal.fr\/page\/wp-content\/uploads\/2021\/05\/mas-5-1024x724.jpg\" alt=\"La boutique Mas du Rouget\" class=\"wp-image-110\" srcset=\"https:\/\/www.maslerougetcantal.fr\/page\/wp-content\/uploads\/2021\/05\/mas-5-1024x724.jpg 1024w, https:\/\/www.maslerougetcantal.fr\/page\/wp-content\/uploads\/2021\/05\/mas-5-300x212.jpg 300w, https:\/\/www.maslerougetcantal.fr\/page\/wp-content\/uploads\/2021\/05\/mas-5-768x543.jpg 768w, https:\/\/www.maslerougetcantal.fr\/page\/wp-content\/uploads\/2021\/05\/mas-5-1536x1085.jpg 1536w, https:\/\/www.maslerougetcantal.fr\/page\/wp-content\/uploads\/2021\/05\/mas-5-2048x1447.jpg 2048w, https:\/\/www.maslerougetcantal.fr\/page\/wp-content\/uploads\/2021\/05\/mas-5-1568x1108.jpg 1568w\" sizes=\"(max-width: 1024px) 100vw, 1024px\" \/><figcaption class=\"wp-element-caption\">La boutique Mas du Rouget, inchang\u00e9e depuis des d\u00e9cennies, o\u00f9 se croisent les habitu\u00e9s du village, les expatri\u00e9s de passage dans la r\u00e9gion et les gourmands de la France enti\u00e8re. Les g\u00e9n\u00e9rations passent, la boutique reste.<\/figcaption><\/figure>\n\n\n\n<p>La maison Mas, au fil des ans, a su d\u00e9velopper <a href=\"http:\/\/www.maslerougetcantal.fr\/page\/fr\/nos-magasins\/magasins\" target=\"_blank\" rel=\"noreferrer noopener\">un petit r\u00e9seau de magasins<\/a> couvrant sa zone de chalandise. Ces magasins appartiennent \u00e0 Mas, les bouchers et les charcutiers qui les tiennent ont \u00e9t\u00e9 form\u00e9s par la maison et connaissent bien leurs produits.<\/p>\n\n\n\n<figure class=\"wp-block-image size-large\"><img decoding=\"async\" loading=\"lazy\" width=\"683\" height=\"1024\" src=\"https:\/\/www.maslerougetcantal.fr\/page\/wp-content\/uploads\/2021\/05\/IMG_0378-P-683x1024.jpg\" alt=\"Boutique Mas, 106 avenue du G\u00e9n\u00e9ral Leclerc, 15000 Aurillac\" class=\"wp-image-224\" srcset=\"https:\/\/www.maslerougetcantal.fr\/page\/wp-content\/uploads\/2021\/05\/IMG_0378-P-683x1024.jpg 683w, https:\/\/www.maslerougetcantal.fr\/page\/wp-content\/uploads\/2021\/05\/IMG_0378-P-200x300.jpg 200w, https:\/\/www.maslerougetcantal.fr\/page\/wp-content\/uploads\/2021\/05\/IMG_0378-P-768x1152.jpg 768w, https:\/\/www.maslerougetcantal.fr\/page\/wp-content\/uploads\/2021\/05\/IMG_0378-P-1024x1536.jpg 1024w, https:\/\/www.maslerougetcantal.fr\/page\/wp-content\/uploads\/2021\/05\/IMG_0378-P-1365x2048.jpg 1365w, https:\/\/www.maslerougetcantal.fr\/page\/wp-content\/uploads\/2021\/05\/IMG_0378-P-1568x2352.jpg 1568w, https:\/\/www.maslerougetcantal.fr\/page\/wp-content\/uploads\/2021\/05\/IMG_0378-P-scaled.jpg 1707w\" sizes=\"(max-width: 683px) 100vw, 683px\" \/><figcaption class=\"wp-element-caption\">Boutique Mas, 106 avenue du G\u00e9n\u00e9ral Leclerc, 15000 Aurillac\nDes bouchers pour vous servir et vous conseiller : le sur-mesure, par Mas<\/figcaption><\/figure>\n\n\n\n<p>Gr\u00e2ce au soutien des Auvergnats de Paris, Mas a pu ouvrir trois boutiques dans la capitale. Les clients y trouvent exactement les m\u00eames produits que dans le Massif Central, propos\u00e9s l\u00e0 aussi par des bouchers et charcutiers form\u00e9s dans le Massif Central!<\/p>\n\n\n\n<figure class=\"wp-block-image size-large\"><img decoding=\"async\" loading=\"lazy\" width=\"1024\" height=\"768\" src=\"https:\/\/www.maslerougetcantal.fr\/page\/wp-content\/uploads\/2021\/05\/IMG_1912-P-1024x768.jpg\" alt=\"Boutique Mas, 3 rue des Martyrs, 75009 Paris\" class=\"wp-image-221\" srcset=\"https:\/\/www.maslerougetcantal.fr\/page\/wp-content\/uploads\/2021\/05\/IMG_1912-P-1024x768.jpg 1024w, https:\/\/www.maslerougetcantal.fr\/page\/wp-content\/uploads\/2021\/05\/IMG_1912-P-300x225.jpg 300w, https:\/\/www.maslerougetcantal.fr\/page\/wp-content\/uploads\/2021\/05\/IMG_1912-P-768x576.jpg 768w, https:\/\/www.maslerougetcantal.fr\/page\/wp-content\/uploads\/2021\/05\/IMG_1912-P-1536x1152.jpg 1536w, https:\/\/www.maslerougetcantal.fr\/page\/wp-content\/uploads\/2021\/05\/IMG_1912-P-1568x1176.jpg 1568w, https:\/\/www.maslerougetcantal.fr\/page\/wp-content\/uploads\/2021\/05\/IMG_1912-P.jpg 2016w\" sizes=\"(max-width: 1024px) 100vw, 1024px\" \/><figcaption class=\"wp-element-caption\">Boutique Mas, 3 rue des Martyrs, 75009 Paris<\/figcaption><\/figure>\n","protected":false},"excerpt":{"rendered":"<p>La maison Mas, au fil des ans, a su d\u00e9velopper un petit r\u00e9seau de magasins couvrant sa zone de chalandise. Ces magasins appartiennent \u00e0 Mas, les bouchers et les charcutiers qui les tiennent ont \u00e9t\u00e9 form\u00e9s par la maison et connaissent bien leurs produits. Gr\u00e2ce au soutien des Auvergnats de Paris, Mas a pu ouvrir&hellip; <a class=\"more-link\" href=\"https:\/\/www.maslerougetcantal.fr\/page\/fr\/nos-magasins\/\">Poursuivre la lecture de <span class=\"screen-reader-text\">Nos magasins<\/span><\/a><\/p>\n","protected":false},"author":3,"featured_media":0,"parent":0,"menu_order":0,"comment_status":"closed","ping_status":"closed","template":"","meta":{"footnotes":""},"yoast_head":"<!-- This site is optimized with the Yoast SEO plugin v16.1.1 - https:\/\/yoast.com\/wordpress\/plugins\/seo\/ -->\n<title>Nos magasins - Mas Le Rouget Cantal<\/title>\n<link rel=\"canonical\" href=\"https:\/\/www.maslerougetcantal.fr\/page\/fr\/nos-magasins\/\" \/>\n<meta property=\"og:locale\" content=\"fr_FR\" \/>\n<meta property=\"og:type\" content=\"article\" \/>\n<meta property=\"og:title\" content=\"Nos magasins - Mas Le Rouget Cantal\" \/>\n<meta property=\"og:description\" content=\"La maison Mas, au fil des ans, a su d\u00e9velopper un petit r\u00e9seau de magasins couvrant sa zone de chalandise. Ces magasins appartiennent \u00e0 Mas, les bouchers et les charcutiers qui les tiennent ont \u00e9t\u00e9 form\u00e9s par la maison et connaissent bien leurs produits. Gr\u00e2ce au soutien des Auvergnats de Paris, Mas a pu ouvrir&hellip; Poursuivre la lecture de Nos magasins\" \/>\n<meta property=\"og:url\" content=\"https:\/\/www.maslerougetcantal.fr\/page\/fr\/nos-magasins\/\" \/>\n<meta property=\"og:site_name\" content=\"Mas Le Rouget Cantal\" \/>\n<meta property=\"article:modified_time\" content=\"2025-09-30T08:47:22+00:00\" \/>\n<meta property=\"og:image\" content=\"https:\/\/www.maslerougetcantal.fr\/page\/wp-content\/uploads\/2021\/05\/mas-5-1024x724.jpg\" \/>\n<meta name=\"twitter:card\" content=\"summary_large_image\" \/>\n<meta name=\"twitter:label1\" content=\"Dur\u00e9e de lecture est.\">\n\t<meta name=\"twitter:data1\" content=\"2 minutes\">\n<script type=\"application\/ld+json\" class=\"yoast-schema-graph\">{\"@context\":\"https:\/\/schema.org\",\"@graph\":[{\"@type\":\"WebSite\",\"@id\":\"https:\/\/www.maslerougetcantal.fr\/page\/#website\",\"url\":\"https:\/\/www.maslerougetcantal.fr\/page\/\",\"name\":\"Mas Le Rouget Cantal\",\"description\":\"Ma\\u00eetre Salaisonnier et Ma\\u00eetre Charcutier\",\"potentialAction\":[{\"@type\":\"SearchAction\",\"target\":\"https:\/\/www.maslerougetcantal.fr\/page\/?s={search_term_string}\",\"query-input\":\"required name=search_term_string\"}],\"inLanguage\":\"fr-FR\"},{\"@type\":\"ImageObject\",\"@id\":\"https:\/\/www.maslerougetcantal.fr\/page\/fr\/nos-magasins\/#primaryimage\",\"inLanguage\":\"fr-FR\",\"url\":\"https:\/\/www.maslerougetcantal.fr\/page\/wp-content\/uploads\/2021\/05\/mas-5-1024x724.jpg\",\"contentUrl\":\"https:\/\/www.maslerougetcantal.fr\/page\/wp-content\/uploads\/2021\/05\/mas-5-1024x724.jpg\"},{\"@type\":\"WebPage\",\"@id\":\"https:\/\/www.maslerougetcantal.fr\/page\/fr\/nos-magasins\/#webpage\",\"url\":\"https:\/\/www.maslerougetcantal.fr\/page\/fr\/nos-magasins\/\",\"name\":\"Nos magasins - Mas Le Rouget Cantal\",\"isPartOf\":{\"@id\":\"https:\/\/www.maslerougetcantal.fr\/page\/#website\"},\"primaryImageOfPage\":{\"@id\":\"https:\/\/www.maslerougetcantal.fr\/page\/fr\/nos-magasins\/#primaryimage\"},\"datePublished\":\"2021-04-19T09:23:43+00:00\",\"dateModified\":\"2025-09-30T08:47:22+00:00\",\"breadcrumb\":{\"@id\":\"https:\/\/www.maslerougetcantal.fr\/page\/fr\/nos-magasins\/#breadcrumb\"},\"inLanguage\":\"fr-FR\",\"potentialAction\":[{\"@type\":\"ReadAction\",\"target\":[\"https:\/\/www.maslerougetcantal.fr\/page\/fr\/nos-magasins\/\"]}]},{\"@type\":\"BreadcrumbList\",\"@id\":\"https:\/\/www.maslerougetcantal.fr\/page\/fr\/nos-magasins\/#breadcrumb\",\"itemListElement\":[{\"@type\":\"ListItem\",\"position\":1,\"item\":{\"@type\":\"WebPage\",\"@id\":\"https:\/\/www.maslerougetcantal.fr\/page\/\",\"url\":\"https:\/\/www.maslerougetcantal.fr\/page\/\",\"name\":\"Accueil\"}},{\"@type\":\"ListItem\",\"position\":2,\"item\":{\"@type\":\"WebPage\",\"@id\":\"https:\/\/www.maslerougetcantal.fr\/page\/fr\/nos-magasins\/\",\"url\":\"https:\/\/www.maslerougetcantal.fr\/page\/fr\/nos-magasins\/\",\"name\":\"Nos magasins\"}}]}]}<\/script>\n<!-- \/ Yoast SEO plugin. -->","_links":{"self":[{"href":"https:\/\/www.maslerougetcantal.fr\/page\/wp-json\/wp\/v2\/pages\/42"}],"collection":[{"href":"https:\/\/www.maslerougetcantal.fr\/page\/wp-json\/wp\/v2\/pages"}],"about":[{"href":"https:\/\/www.maslerougetcantal.fr\/page\/wp-json\/wp\/v2\/types\/page"}],"author":[{"embeddable":true,"href":"https:\/\/www.maslerougetcantal.fr\/page\/wp-json\/wp\/v2\/users\/3"}],"replies":[{"embeddable":true,"href":"https:\/\/www.maslerougetcantal.fr\/page\/wp-json\/wp\/v2\/comments?post=42"}],"version-history":[{"count":6,"href":"https:\/\/www.maslerougetcantal.fr\/page\/wp-json\/wp\/v2\/pages\/42\/revisions"}],"predecessor-version":[{"id":1111,"href":"https:\/\/www.maslerougetcantal.fr\/page\/wp-json\/wp\/v2\/pages\/42\/revisions\/1111"}],"wp:attachment":[{"href":"https:\/\/www.maslerougetcantal.fr\/page\/wp-json\/wp\/v2\/media?parent=42"}],"curies":[{"name":"wp","href":"https:\/\/api.w.org\/{rel}","templated":true}]}}